{"id":2366,"date":"2022-09-27T13:11:30","date_gmt":"2022-09-27T11:11:30","guid":{"rendered":"https:\/\/lipsum.cat\/aidha\/mentions-legales\/"},"modified":"2022-09-27T13:11:30","modified_gmt":"2022-09-27T11:11:30","slug":"mentions-legales","status":"publish","type":"page","link":"https:\/\/www.aidhaklher.com\/fr\/mentions-legales\/","title":{"rendered":"Mentions l\u00e9gales"},"content":{"rendered":"\t\t<div data-elementor-type=\"wp-post\" data-elementor-id=\"2366\" class=\"elementor elementor-2366 elementor-3\">\n\t\t\t\t\t\t<section class=\"elementor-section elementor-top-section elementor-element elementor-element-11cac4ce elementor-section-boxed elementor-section-height-default elementor-section-height-default\" data-id=\"11cac4ce\" data-element_type=\"section\">\n\t\t\t\t\t\t<div class=\"elementor-container elementor-column-gap-default\">\n\t\t\t\t\t<div class=\"elementor-column elementor-col-100 elementor-top-column elementor-element elementor-element-77d63cfe\" data-id=\"77d63cfe\" data-element_type=\"column\">\n\t\t\t<div class=\"elementor-widget-wrap elementor-element-populated\">\n\t\t\t\t\t\t<div class=\"elementor-element elementor-element-6240f177 elementor-widget elementor-widget-text-editor\" data-id=\"6240f177\" data-element_type=\"widget\" data-widget_type=\"text-editor.default\">\n\t\t\t\t<div class=\"elementor-widget-container\">\n\t\t\t\t\t\t\t\t\t<h2>Objet<\/h2>\r\nCe site Web fournit des informations sur les services professionnels de Pentatecno S.L. ci-apr\u00e8s \u00ab\u00a0La soci\u00e9t\u00e9\u00a0\u00bb est une soci\u00e9t\u00e9 commerciale qui est situ\u00e9e \u00e0, Calle Creu d\u2019en Muntaner 44, Sant Joan Desp\u00ed, 08970, Barcelone, et dont l\u2019adresse \u00e9lectronique est pentatecno@pentatecno.com avec CIF B-62206495 inscrit au registre du commerce de Barcelone le 2 f\u00e9vrier\u00a0 2000\r\n<h2>Propri\u00e9t\u00e9 intellectuelle<\/h2>\r\nLe contenu de ce site Web, y compris, entre autres, les images, logos, graphiques, animations, textes ou applications\u00a0 informatiques, quels que soient leur format, leur langage de programmation et leur forme de repr\u00e9sentation, ainsi que le nom de domaine www.aidhaklher.com sont la propri\u00e9t\u00e9 du propri\u00e9taire, ou ont acquis les droits correspondants de leurs propri\u00e9taires, et sont prot\u00e9g\u00e9s par les lois et les trait\u00e9s internationaux sur la propri\u00e9t\u00e9 intellectuelle et,\u00a0 le cas \u00e9ch\u00e9ant, industriel, ainsi que par la r\u00e9glementation r\u00e9gissant les noms de domaine.\r\n\r\nL\u2019utilisation ou la reproduction, totale ou partielle, \u00e0 but non lucratif, de son contenu est autoris\u00e9e \u00e0 condition que la source soit indiqu\u00e9e et qu\u2019un hyperlien vers ce site Web soit inclus, et dans les cas autoris\u00e9s par les articles 31 \u00e0 34 de la loi sur la propri\u00e9t\u00e9 intellectuelle (d\u00e9cret l\u00e9gislatif royal 1\/1996, du 12 avril). Il est interdit d\u2019utiliser des cadres ou tout autre m\u00e9canisme destin\u00e9 \u00e0 cacher l\u2019origine ou la source des contenus, toute utilisation, transformation ou exploitation de ceux-ci \u00e0 des fins commerciales, promotionnelles ou contraires \u00e0 la loi, aux bonnes m\u0153urs ou \u00e0 l\u2019ordre public, qui pourraient nuire aux int\u00e9r\u00eats ou \u00e0 l\u2019image du Propri\u00e9taire ou de tiers l\u00e9gitimes, qui constituent une concurrence d\u00e9loyale ou, d\u2019une mani\u00e8re g\u00e9n\u00e9rale, contraire aux dispositions du pr\u00e9sent document.\r\n<h2>Protection des donn\u00e9es personnelles<\/h2>\r\nLors de la navigation sur ces pages, vous fournissez automatiquement au serveur Web des informations concernant votre adresse IP (identifiant unique pour la transmission de paquets entre ordinateurs connect\u00e9s \u00e0 Internet), la date et l\u2019heure d\u2019acc\u00e8s, le lien hypertexte que vous leur avez transmis, votre syst\u00e8me d\u2019exploitation et le navigateur utilis\u00e9. Sans pr\u00e9judice du fait que l\u2019Agence espagnole de protection des donn\u00e9es (ci-apr\u00e8s, AGPD) consid\u00e8re la propri\u00e9t\u00e9 intellectuelle comme des donn\u00e9es personnelles, le propri\u00e9taire ne peut pas obtenir par lui-m\u00eame , et n\u2019a pas l\u2019intention de le faire, \u00e0 moins qu\u2019il ne cause un dommage, des informations sur le propri\u00e9taire de la connexion Internet \u00e0 laquelle il correspond. Ces donn\u00e9es seront stock\u00e9es et utilis\u00e9es uniquement pour le contr\u00f4le et la r\u00e9alisation de statistiques d\u2019acc\u00e8s et de visites sur le Web, et en aucun cas elles ne seront communiqu\u00e9es ou transf\u00e9r\u00e9es \u00e0 des tiers.\r\n\r\nCe site Web n\u2019utilise pas de cookies ou tout autre dispositif similaire permettant la collecte de donn\u00e9es personnelles sans votre consentement.\r\n\r\nDans le cas o\u00f9 vous \u00e9tablissez un type de communication avec le propri\u00e9taire, que ce soit par t\u00e9l\u00e9phone, fax, courrier ordinaire ou courrier \u00e9lectronique, vos donn\u00e9es ne seront pas stock\u00e9es et ne seront incluses dans aucun fichier automatis\u00e9. En dehors des cas l\u00e9galement \u00e9tablis, vos donn\u00e9es ne seront pas communiqu\u00e9es ou transf\u00e9r\u00e9es \u00e0 des tiers sans votre consentement expr\u00e8s.\r\n<h2>Limitation de responsabilit\u00e9<\/h2>\r\nLe contenu de ce site Web est offert \u00e0 des fins d\u2019information et d\u2019information. Ils ne constituent ni ne remplacent les conseils professionnels, de sorte que le propri\u00e9taire d\u00e9cline toute responsabilit\u00e9, directe ou indirecte, qui pourrait d\u00e9couler de l\u2019utilisation ou de l\u2019application des informations sur ce site Web en dehors de ses objectifs.\r\n\r\nLes liens (hyperliens) ou les contenus de tiers qui apparaissent sur ce site Web sont fournis afin de d\u00e9velopper les informations. Son inclusion n\u2019implique pas l\u2019acceptation desdits contenus, ni l\u2019association du propri\u00e9taire avec les responsables desdites pages Web, de sorte qu\u2019il rejette toute responsabilit\u00e9 \u00e0 leur \u00e9gard, ainsi que pour les dommages qui peuvent \u00eatre caus\u00e9s pour quelque raison que ce soit dans son syst\u00e8me informatique (\u00e9quipement et applications), documents ou fichiers. Le propri\u00e9taire ne peut \u00eatre responsable de ce contenu que conform\u00e9ment aux dispositions de la loi 34\/2002, du 11 juillet, Services de la soci\u00e9t\u00e9 de l\u2019information et du commerce \u00e9lectronique, dans le cas o\u00f9, ayant eu connaissance effective de son ill\u00e9galit\u00e9 ou qu\u2019il endommage la propri\u00e9t\u00e9 ou les int\u00e9r\u00eats d\u2019un tiers, ne supprime pas ou ne d\u00e9sactive pas le lien vers eux.\r\n\r\nLe propri\u00e9taire ne garantit pas la fiabilit\u00e9, la disponibilit\u00e9 ou la continuit\u00e9 de ce site Web ou de son contenu pour la technique, la s\u00e9curit\u00e9, le contr\u00f4le ou la maintenance du service, pour les d\u00e9faillances dues au serveur qui h\u00e9berge le contenu ou d\u2019autres interm\u00e9diaires ou fournisseurs, pour les attaques contre le syst\u00e8me informatique, ou pour toute autre raison d\u00e9coulant de causes ind\u00e9pendantes de sa volont\u00e9,\u00a0 par cons\u00e9quent, il rejette toute responsabilit\u00e9, directe ou indirecte, \u00e0 leur \u00e9gard.\r\n<h2>Modifications et mises \u00e0 jour<\/h2>\r\nLe Propri\u00e9taire se r\u00e9serve le droit d\u2019apporter, \u00e0 tout moment et sans pr\u00e9avis, des modifications et des mises \u00e0 jour des informations contenues dans le web, de la configuration, de la disponibilit\u00e9 et de la pr\u00e9sentation de celles-ci.\t\t\t\t\t\t\t\t<\/div>\n\t\t\t\t<\/div>\n\t\t\t\t\t<\/div>\n\t\t<\/div>\n\t\t\t\t\t<\/div>\n\t\t<\/section>\n\t\t\t\t<\/div>\n\t\t","protected":false},"excerpt":{"rendered":"<p>Objet Ce site Web fournit des informations sur les services professionnels de Pentatecno S.L. ci-apr\u00e8s \u00ab\u00a0La soci\u00e9t\u00e9\u00a0\u00bb est une soci\u00e9t\u00e9 commerciale qui est situ\u00e9e \u00e0, Calle Creu d\u2019en Muntaner 44, Sant Joan Desp\u00ed, 08970, Barcelone, et dont l\u2019adresse \u00e9lectronique est pentatecno@pentatecno.com avec CIF B-62206495 inscrit au registre du commerce de Barcelone le 2 f\u00e9vrier\u00a0 2000 [&hellip;]<\/p>\n","protected":false},"author":2,"featured_media":0,"parent":0,"menu_order":0,"comment_status":"closed","ping_status":"open","template":"elementor_header_footer","meta":{"footnotes":""},"class_list":["post-2366","page","type-page","status-publish","hentry"],"acf":[],"yoast_head":"<!-- This site is optimized with the Yoast SEO plugin v25.8 - https:\/\/yoast.com\/wordpress\/plugins\/seo\/ -->\n<title>Mentions l\u00e9gales - Aidha Klher Professional<\/title>\n<meta name=\"robots\" content=\"index, follow, max-snippet:-1, max-image-preview:large, max-video-preview:-1\" \/>\n<link rel=\"canonical\" href=\"https:\/\/www.aidhaklher.com\/fr\/mentions-legales\/\" \/>\n<meta property=\"og:locale\" content=\"fr_FR\" \/>\n<meta property=\"og:type\" content=\"article\" \/>\n<meta property=\"og:title\" content=\"Mentions l\u00e9gales - Aidha Klher Professional\" \/>\n<meta property=\"og:description\" content=\"Objet Ce site Web fournit des informations sur les services professionnels de Pentatecno S.L. ci-apr\u00e8s \u00ab\u00a0La soci\u00e9t\u00e9\u00a0\u00bb est une soci\u00e9t\u00e9 commerciale qui est situ\u00e9e \u00e0, Calle Creu d\u2019en Muntaner 44, Sant Joan Desp\u00ed, 08970, Barcelone, et dont l\u2019adresse \u00e9lectronique est pentatecno@pentatecno.com avec CIF B-62206495 inscrit au registre du commerce de Barcelone le 2 f\u00e9vrier\u00a0 2000 [&hellip;]\" \/>\n<meta property=\"og:url\" content=\"https:\/\/www.aidhaklher.com\/fr\/mentions-legales\/\" \/>\n<meta property=\"og:site_name\" content=\"Aidha Klher Professional\" \/>\n<meta name=\"twitter:card\" content=\"summary_large_image\" \/>\n<meta name=\"twitter:label1\" content=\"Dur\u00e9e de lecture estim\u00e9e\" \/>\n\t<meta name=\"twitter:data1\" content=\"5 minutes\" \/>\n<script type=\"application\/ld+json\" class=\"yoast-schema-graph\">{\"@context\":\"https:\/\/schema.org\",\"@graph\":[{\"@type\":\"WebPage\",\"@id\":\"https:\/\/www.aidhaklher.com\/fr\/mentions-legales\/\",\"url\":\"https:\/\/www.aidhaklher.com\/fr\/mentions-legales\/\",\"name\":\"Mentions l\u00e9gales - Aidha Klher Professional\",\"isPartOf\":{\"@id\":\"https:\/\/www.aidhaklher.com\/fr\/#website\"},\"datePublished\":\"2022-09-27T11:11:30+00:00\",\"breadcrumb\":{\"@id\":\"https:\/\/www.aidhaklher.com\/fr\/mentions-legales\/#breadcrumb\"},\"inLanguage\":\"fr-FR\",\"potentialAction\":[{\"@type\":\"ReadAction\",\"target\":[\"https:\/\/www.aidhaklher.com\/fr\/mentions-legales\/\"]}]},{\"@type\":\"BreadcrumbList\",\"@id\":\"https:\/\/www.aidhaklher.com\/fr\/mentions-legales\/#breadcrumb\",\"itemListElement\":[{\"@type\":\"ListItem\",\"position\":1,\"name\":\"Portada\",\"item\":\"https:\/\/www.aidhaklher.com\/fr\/\"},{\"@type\":\"ListItem\",\"position\":2,\"name\":\"Mentions l\u00e9gales\"}]},{\"@type\":\"WebSite\",\"@id\":\"https:\/\/www.aidhaklher.com\/fr\/#website\",\"url\":\"https:\/\/www.aidhaklher.com\/fr\/\",\"name\":\"Aidha Klher Professional\",\"description\":\"Cosm\u00e9tica capilar para peluquer\u00edas\",\"potentialAction\":[{\"@type\":\"SearchAction\",\"target\":{\"@type\":\"EntryPoint\",\"urlTemplate\":\"https:\/\/www.aidhaklher.com\/fr\/?s={search_term_string}\"},\"query-input\":{\"@type\":\"PropertyValueSpecification\",\"valueRequired\":true,\"valueName\":\"search_term_string\"}}],\"inLanguage\":\"fr-FR\"}]}<\/script>\n<!-- \/ Yoast SEO plugin. -->","yoast_head_json":{"title":"Mentions l\u00e9gales - Aidha Klher Professional","robots":{"index":"index","follow":"follow","max-snippet":"max-snippet:-1","max-image-preview":"max-image-preview:large","max-video-preview":"max-video-preview:-1"},"canonical":"https:\/\/www.aidhaklher.com\/fr\/mentions-legales\/","og_locale":"fr_FR","og_type":"article","og_title":"Mentions l\u00e9gales - Aidha Klher Professional","og_description":"Objet Ce site Web fournit des informations sur les services professionnels de Pentatecno S.L. ci-apr\u00e8s \u00ab\u00a0La soci\u00e9t\u00e9\u00a0\u00bb est une soci\u00e9t\u00e9 commerciale qui est situ\u00e9e \u00e0, Calle Creu d\u2019en Muntaner 44, Sant Joan Desp\u00ed, 08970, Barcelone, et dont l\u2019adresse \u00e9lectronique est pentatecno@pentatecno.com avec CIF B-62206495 inscrit au registre du commerce de Barcelone le 2 f\u00e9vrier\u00a0 2000 [&hellip;]","og_url":"https:\/\/www.aidhaklher.com\/fr\/mentions-legales\/","og_site_name":"Aidha Klher Professional","twitter_card":"summary_large_image","twitter_misc":{"Dur\u00e9e de lecture estim\u00e9e":"5 minutes"},"schema":{"@context":"https:\/\/schema.org","@graph":[{"@type":"WebPage","@id":"https:\/\/www.aidhaklher.com\/fr\/mentions-legales\/","url":"https:\/\/www.aidhaklher.com\/fr\/mentions-legales\/","name":"Mentions l\u00e9gales - Aidha Klher Professional","isPartOf":{"@id":"https:\/\/www.aidhaklher.com\/fr\/#website"},"datePublished":"2022-09-27T11:11:30+00:00","breadcrumb":{"@id":"https:\/\/www.aidhaklher.com\/fr\/mentions-legales\/#breadcrumb"},"inLanguage":"fr-FR","potentialAction":[{"@type":"ReadAction","target":["https:\/\/www.aidhaklher.com\/fr\/mentions-legales\/"]}]},{"@type":"BreadcrumbList","@id":"https:\/\/www.aidhaklher.com\/fr\/mentions-legales\/#breadcrumb","itemListElement":[{"@type":"ListItem","position":1,"name":"Portada","item":"https:\/\/www.aidhaklher.com\/fr\/"},{"@type":"ListItem","position":2,"name":"Mentions l\u00e9gales"}]},{"@type":"WebSite","@id":"https:\/\/www.aidhaklher.com\/fr\/#website","url":"https:\/\/www.aidhaklher.com\/fr\/","name":"Aidha Klher Professional","description":"Cosm\u00e9tica capilar para peluquer\u00edas","potentialAction":[{"@type":"SearchAction","target":{"@type":"EntryPoint","urlTemplate":"https:\/\/www.aidhaklher.com\/fr\/?s={search_term_string}"},"query-input":{"@type":"PropertyValueSpecification","valueRequired":true,"valueName":"search_term_string"}}],"inLanguage":"fr-FR"}]}},"_links":{"self":[{"href":"https:\/\/www.aidhaklher.com\/fr\/wp-json\/wp\/v2\/pages\/2366","targetHints":{"allow":["GET"]}}],"collection":[{"href":"https:\/\/www.aidhaklher.com\/fr\/wp-json\/wp\/v2\/pages"}],"about":[{"href":"https:\/\/www.aidhaklher.com\/fr\/wp-json\/wp\/v2\/types\/page"}],"author":[{"embeddable":true,"href":"https:\/\/www.aidhaklher.com\/fr\/wp-json\/wp\/v2\/users\/2"}],"replies":[{"embeddable":true,"href":"https:\/\/www.aidhaklher.com\/fr\/wp-json\/wp\/v2\/comments?post=2366"}],"version-history":[{"count":1,"href":"https:\/\/www.aidhaklher.com\/fr\/wp-json\/wp\/v2\/pages\/2366\/revisions"}],"predecessor-version":[{"id":2367,"href":"https:\/\/www.aidhaklher.com\/fr\/wp-json\/wp\/v2\/pages\/2366\/revisions\/2367"}],"wp:attachment":[{"href":"https:\/\/www.aidhaklher.com\/fr\/wp-json\/wp\/v2\/media?parent=2366"}],"curies":[{"name":"wp","href":"https:\/\/api.w.org\/{rel}","templated":true}]}}