{"id":2297,"date":"2019-03-27T14:22:00","date_gmt":"2019-03-27T13:22:00","guid":{"rendered":"https:\/\/lipsum.cat\/aidha\/a-propos-daidha-klher\/"},"modified":"2024-07-29T10:04:35","modified_gmt":"2024-07-29T08:04:35","slug":"a-propos-daidha-klher","status":"publish","type":"page","link":"https:\/\/www.aidhaklher.com\/fr\/a-propos-daidha-klher\/","title":{"rendered":"Nous"},"content":{"rendered":"\t\t<div data-elementor-type=\"wp-post\" data-elementor-id=\"2297\" class=\"elementor elementor-2297 elementor-24\">\n\t\t\t\t\t\t<section class=\"elementor-section elementor-top-section elementor-element elementor-element-0ba57e6 elementor-section-height-min-height elementor-section-items-bottom elementor-section-boxed elementor-section-height-default\" data-id=\"0ba57e6\" data-element_type=\"section\" data-settings=\"{&quot;background_background&quot;:&quot;classic&quot;}\">\n\t\t\t\t\t\t<div class=\"elementor-container elementor-column-gap-no\">\n\t\t\t\t\t<div class=\"elementor-column elementor-col-50 elementor-top-column elementor-element elementor-element-1d896b2\" data-id=\"1d896b2\" data-element_type=\"column\" data-settings=\"{&quot;background_background&quot;:&quot;classic&quot;}\">\n\t\t\t<div class=\"elementor-widget-wrap elementor-element-populated\">\n\t\t\t\t\t\t<div class=\"elementor-element elementor-element-86b3c89 elementor-widget elementor-widget-heading\" data-id=\"86b3c89\" data-element_type=\"widget\" data-widget_type=\"heading.default\">\n\t\t\t\t<div class=\"elementor-widget-container\">\n\t\t\t\t\t<h1 class=\"elementor-heading-title elementor-size-large\">Nous<\/h1>\t\t\t\t<\/div>\n\t\t\t\t<\/div>\n\t\t\t\t<div class=\"elementor-element elementor-element-262b83d elementor-widget elementor-widget-spacer\" data-id=\"262b83d\" data-element_type=\"widget\" data-widget_type=\"spacer.default\">\n\t\t\t\t<div class=\"elementor-widget-container\">\n\t\t\t\t\t\t\t<div class=\"elementor-spacer\">\n\t\t\t<div class=\"elementor-spacer-inner\"><\/div>\n\t\t<\/div>\n\t\t\t\t\t\t<\/div>\n\t\t\t\t<\/div>\n\t\t\t\t<div class=\"elementor-element elementor-element-c834bee elementor-widget elementor-widget-text-editor\" data-id=\"c834bee\" data-element_type=\"widget\" data-widget_type=\"text-editor.default\">\n\t\t\t\t<div class=\"elementor-widget-container\">\n\t\t\t\t\t\t\t\t\t<p>Experts en cosm\u00e9tiques capillaires professionnels.<\/p>\n\t\t\t\t\t\t\t\t<\/div>\n\t\t\t\t<\/div>\n\t\t\t\t<div class=\"elementor-element elementor-element-d642e5c elementor-widget elementor-widget-spacer\" data-id=\"d642e5c\" data-element_type=\"widget\" data-widget_type=\"spacer.default\">\n\t\t\t\t<div class=\"elementor-widget-container\">\n\t\t\t\t\t\t\t<div class=\"elementor-spacer\">\n\t\t\t<div class=\"elementor-spacer-inner\"><\/div>\n\t\t<\/div>\n\t\t\t\t\t\t<\/div>\n\t\t\t\t<\/div>\n\t\t\t\t<div class=\"elementor-element elementor-element-7790919 elementor-widget-divider--view-line elementor-widget elementor-widget-divider\" data-id=\"7790919\" data-element_type=\"widget\" data-widget_type=\"divider.default\">\n\t\t\t\t<div class=\"elementor-widget-container\">\n\t\t\t\t\t\t\t<div class=\"elementor-divider\">\n\t\t\t<span class=\"elementor-divider-separator\">\n\t\t\t\t\t\t<\/span>\n\t\t<\/div>\n\t\t\t\t\t\t<\/div>\n\t\t\t\t<\/div>\n\t\t\t\t\t<\/div>\n\t\t<\/div>\n\t\t\t\t<div class=\"elementor-column elementor-col-66 elementor-top-column elementor-element elementor-element-03b15d0\" data-id=\"03b15d0\" data-element_type=\"column\">\n\t\t\t<div class=\"elementor-widget-wrap\">\n\t\t\t\t\t\t\t<\/div>\n\t\t<\/div>\n\t\t\t\t\t<\/div>\n\t\t<\/section>\n\t\t\t\t<section class=\"elementor-section elementor-top-section elementor-element elementor-element-b11101d elementor-section-boxed elementor-section-height-default elementor-section-height-default\" data-id=\"b11101d\" data-element_type=\"section\">\n\t\t\t\t\t\t<div class=\"elementor-container elementor-column-gap-default\">\n\t\t\t\t\t<div class=\"elementor-column elementor-col-100 elementor-top-column elementor-element elementor-element-9152f8e\" data-id=\"9152f8e\" data-element_type=\"column\">\n\t\t\t<div class=\"elementor-widget-wrap elementor-element-populated\">\n\t\t\t\t\t\t<div class=\"elementor-element elementor-element-8f98d7e elementor-widget elementor-widget-spacer\" data-id=\"8f98d7e\" data-element_type=\"widget\" data-widget_type=\"spacer.default\">\n\t\t\t\t<div class=\"elementor-widget-container\">\n\t\t\t\t\t\t\t<div class=\"elementor-spacer\">\n\t\t\t<div class=\"elementor-spacer-inner\"><\/div>\n\t\t<\/div>\n\t\t\t\t\t\t<\/div>\n\t\t\t\t<\/div>\n\t\t\t\t\t<\/div>\n\t\t<\/div>\n\t\t\t\t\t<\/div>\n\t\t<\/section>\n\t\t\t\t<section class=\"elementor-section elementor-top-section elementor-element elementor-element-2ade5e8 elementor-section-boxed elementor-section-height-default elementor-section-height-default\" data-id=\"2ade5e8\" data-element_type=\"section\">\n\t\t\t\t\t\t<div class=\"elementor-container elementor-column-gap-default\">\n\t\t\t\t\t<div class=\"elementor-column elementor-col-100 elementor-top-column elementor-element elementor-element-3e7c543\" data-id=\"3e7c543\" data-element_type=\"column\">\n\t\t\t<div class=\"elementor-widget-wrap elementor-element-populated\">\n\t\t\t\t\t\t<div class=\"elementor-element elementor-element-107222c elementor-widget__width-initial elementor-widget elementor-widget-text-editor\" data-id=\"107222c\" data-element_type=\"widget\" data-widget_type=\"text-editor.default\">\n\t\t\t\t<div class=\"elementor-widget-container\">\n\t\t\t\t\t\t\t\t\t<h2>Nous concevons des produits et des routines capillaires qui g\u00e9n\u00e8rent une transformation d\u2019un haut niveau professionnel.<\/h2>\n<p>Nous sommes d\u00e9di\u00e9s \u00e0 la cosm\u00e9tique capillaire et nos solutions sont d\u00e9velopp\u00e9es dans le but d\u2019accompagner les professionnels de la coiffure pendant leur service, en garantissant des r\u00e9sultats de qualit\u00e9 et en offrant au client une exp\u00e9rience de pointe. Nous misons sur l\u2019innovation et la recherche ; Nous nous inspirons du march\u00e9 dynamique de la cosm\u00e9tique et de son \u00e9volution constante.<\/p>\n\t\t\t\t\t\t\t\t<\/div>\n\t\t\t\t<\/div>\n\t\t\t\t\t<\/div>\n\t\t<\/div>\n\t\t\t\t\t<\/div>\n\t\t<\/section>\n\t\t\t\t<section class=\"elementor-section elementor-top-section elementor-element elementor-element-e688a49 elementor-section-boxed elementor-section-height-default elementor-section-height-default\" data-id=\"e688a49\" data-element_type=\"section\">\n\t\t\t\t\t\t<div class=\"elementor-container elementor-column-gap-default\">\n\t\t\t\t\t<div class=\"elementor-column elementor-col-100 elementor-top-column elementor-element elementor-element-17c9065\" data-id=\"17c9065\" data-element_type=\"column\">\n\t\t\t<div class=\"elementor-widget-wrap elementor-element-populated\">\n\t\t\t\t\t\t<div class=\"elementor-element elementor-element-90d4e8c elementor-widget elementor-widget-spacer\" data-id=\"90d4e8c\" data-element_type=\"widget\" data-widget_type=\"spacer.default\">\n\t\t\t\t<div class=\"elementor-widget-container\">\n\t\t\t\t\t\t\t<div class=\"elementor-spacer\">\n\t\t\t<div class=\"elementor-spacer-inner\"><\/div>\n\t\t<\/div>\n\t\t\t\t\t\t<\/div>\n\t\t\t\t<\/div>\n\t\t\t\t\t<\/div>\n\t\t<\/div>\n\t\t\t\t\t<\/div>\n\t\t<\/section>\n\t\t\t\t<section class=\"elementor-section elementor-top-section elementor-element elementor-element-1e20032 elementor-section-content-middle elementor-section-boxed elementor-section-height-default elementor-section-height-default\" data-id=\"1e20032\" data-element_type=\"section\">\n\t\t\t\t\t\t<div class=\"elementor-container elementor-column-gap-default\">\n\t\t\t\t\t<div class=\"elementor-column elementor-col-33 elementor-top-column elementor-element elementor-element-82f155f\" data-id=\"82f155f\" data-element_type=\"column\">\n\t\t\t<div class=\"elementor-widget-wrap elementor-element-populated\">\n\t\t\t\t\t\t<div class=\"elementor-element elementor-element-7690dc3 elementor-widget elementor-widget-text-editor\" data-id=\"7690dc3\" data-element_type=\"widget\" data-widget_type=\"text-editor.default\">\n\t\t\t\t<div class=\"elementor-widget-container\">\n\t\t\t\t\t\t\t\t\t<h2>Notre histoire<\/h2>\n<p>Nos d\u00e9buts sont \u00e0 Barcelone, dans un petit laboratoire sp\u00e9cialis\u00e9 dans le d\u00e9veloppement et la fabrication de solutions cosm\u00e9tiques personnalis\u00e9es. Au fil des ann\u00e9es et fid\u00e8les \u00e0 notre passion, nous avons d\u00e9cid\u00e9 de nous aventurer \u00e0 cr\u00e9er notre propre ligne de cosm\u00e9tiques capillaires pour les professionnels de la coiffure, c\u2019est ainsi qu\u2019est n\u00e9e Aidha Klher. Aujourd\u2019hui, nous sommes fiers de l\u2019accueil que nous avons re\u00e7u, sur les march\u00e9s nationaux et internationaux, o\u00f9 nous avons cultiv\u00e9 des relations avec des professionnels qui partagent notre objectif de fournir les meilleures solutions capillaires au client.<\/p>\n<h2>Nos piliers<\/h2>\n<h3>Le professionnel de la coiffure<\/h3>\n<p>Le coiffeur est un \u00e9l\u00e9ment indispensable lors de l\u2019\u00e9laboration de nos produits, ils sont notre principale inspiration. Nous voulons \u00eatre l\u2019outil de confiance qui accompagne et facilite votre travail lors d\u2019un service professionnel.<\/p>\n<h3>Cr\u00e9ativit\u00e9, innovation et qualit\u00e9<\/h3>\n<p>La cr\u00e9ativit\u00e9, l\u2019innovation et la qualit\u00e9 sont les \u00e9l\u00e9ments diff\u00e9rentiels qui repr\u00e9sentent notre travail. L\u2019am\u00e9lioration continue et l\u2019excellence sont notre priorit\u00e9 absolue. Nous restons r\u00e9ceptifs \u00e0 l\u2019\u00e9tude des derni\u00e8res tendances en cosm\u00e9tique afin d\u2019assurer le d\u00e9veloppement de produits fonctionnels et \u00e0 l\u2019avant-garde.<\/p>\n<h3>Des relations \u00e9troites<\/h3>\n<p>Nous comprenons nos clients et nous nous adaptons \u00e0 leurs besoins, et nous offrons \u00e9galement une attention personnalis\u00e9e et sur mesure. Nous sommes repr\u00e9sent\u00e9s par notre longue histoire dans le domaine de la cosm\u00e9tique capillaire et nous offrons \u00e0 nos clients une gamme compl\u00e8te de produits sp\u00e9cialis\u00e9s \u00e0 usage professionnel.<\/p>\n\t\t\t\t\t\t\t\t<\/div>\n\t\t\t\t<\/div>\n\t\t\t\t\t<\/div>\n\t\t<\/div>\n\t\t\t\t<div class=\"elementor-column elementor-col-66 elementor-top-column elementor-element elementor-element-69efb08\" data-id=\"69efb08\" data-element_type=\"column\">\n\t\t\t<div class=\"elementor-widget-wrap elementor-element-populated\">\n\t\t\t\t\t\t<div class=\"elementor-element elementor-element-176ca79 elementor-widget__width-initial elementor-widget elementor-widget-image\" data-id=\"176ca79\" data-element_type=\"widget\" data-widget_type=\"image.default\">\n\t\t\t\t<div class=\"elementor-widget-container\">\n\t\t\t\t\t\t\t\t\t\t\t\t\t\t\t<img fetchpriority=\"high\" decoding=\"async\" width=\"640\" height=\"1024\" src=\"https:\/\/www.aidhaklher.com\/wp-content\/uploads\/2024\/05\/profesionales-cosmetica-capilar-aidha-klher-nosotros-640x1024.webp\" class=\"attachment-large size-large wp-image-4312\" alt=\"Expertos en cosm\u00e9tica capilar\" srcset=\"https:\/\/www.aidhaklher.com\/wp-content\/uploads\/2024\/05\/profesionales-cosmetica-capilar-aidha-klher-nosotros-640x1024.webp 640w, https:\/\/www.aidhaklher.com\/wp-content\/uploads\/2024\/05\/profesionales-cosmetica-capilar-aidha-klher-nosotros-188x300.webp 188w, https:\/\/www.aidhaklher.com\/wp-content\/uploads\/2024\/05\/profesionales-cosmetica-capilar-aidha-klher-nosotros-768x1229.webp 768w, https:\/\/www.aidhaklher.com\/wp-content\/uploads\/2024\/05\/profesionales-cosmetica-capilar-aidha-klher-nosotros-960x1536.webp 960w, https:\/\/www.aidhaklher.com\/wp-content\/uploads\/2024\/05\/profesionales-cosmetica-capilar-aidha-klher-nosotros.webp 1200w\" sizes=\"(max-width: 640px) 100vw, 640px\" \/>\t\t\t\t\t\t\t\t\t\t\t\t\t\t\t<\/div>\n\t\t\t\t<\/div>\n\t\t\t\t\t<\/div>\n\t\t<\/div>\n\t\t\t\t\t<\/div>\n\t\t<\/section>\n\t\t\t\t<section class=\"elementor-section elementor-top-section elementor-element elementor-element-f2e0f21 elementor-section-boxed elementor-section-height-default elementor-section-height-default\" data-id=\"f2e0f21\" data-element_type=\"section\">\n\t\t\t\t\t\t<div class=\"elementor-container elementor-column-gap-default\">\n\t\t\t\t\t<div class=\"elementor-column elementor-col-100 elementor-top-column elementor-element elementor-element-33e1cd4\" data-id=\"33e1cd4\" data-element_type=\"column\">\n\t\t\t<div class=\"elementor-widget-wrap elementor-element-populated\">\n\t\t\t\t\t\t<div class=\"elementor-element elementor-element-f2c95a3 elementor-widget elementor-widget-spacer\" data-id=\"f2c95a3\" data-element_type=\"widget\" data-widget_type=\"spacer.default\">\n\t\t\t\t<div class=\"elementor-widget-container\">\n\t\t\t\t\t\t\t<div class=\"elementor-spacer\">\n\t\t\t<div class=\"elementor-spacer-inner\"><\/div>\n\t\t<\/div>\n\t\t\t\t\t\t<\/div>\n\t\t\t\t<\/div>\n\t\t\t\t<div class=\"elementor-element elementor-element-b733e5a elementor-widget-divider--view-line elementor-widget elementor-widget-divider\" data-id=\"b733e5a\" data-element_type=\"widget\" data-widget_type=\"divider.default\">\n\t\t\t\t<div class=\"elementor-widget-container\">\n\t\t\t\t\t\t\t<div class=\"elementor-divider\">\n\t\t\t<span class=\"elementor-divider-separator\">\n\t\t\t\t\t\t<\/span>\n\t\t<\/div>\n\t\t\t\t\t\t<\/div>\n\t\t\t\t<\/div>\n\t\t\t\t\t<\/div>\n\t\t<\/div>\n\t\t\t\t\t<\/div>\n\t\t<\/section>\n\t\t\t\t<section class=\"elementor-section elementor-top-section elementor-element elementor-element-46cbead elementor-section-boxed elementor-section-height-default elementor-section-height-default\" data-id=\"46cbead\" data-element_type=\"section\">\n\t\t\t\t\t\t<div class=\"elementor-container elementor-column-gap-default\">\n\t\t\t\t\t<div class=\"elementor-column elementor-col-33 elementor-top-column elementor-element elementor-element-87a32ce\" data-id=\"87a32ce\" data-element_type=\"column\">\n\t\t\t<div class=\"elementor-widget-wrap elementor-element-populated\">\n\t\t\t\t\t\t<div class=\"elementor-element elementor-element-3da2ccf elementor-widget elementor-widget-image\" data-id=\"3da2ccf\" data-element_type=\"widget\" data-widget_type=\"image.default\">\n\t\t\t\t<div class=\"elementor-widget-container\">\n\t\t\t\t\t\t\t\t\t\t\t\t\t\t\t<img decoding=\"async\" width=\"629\" height=\"614\" src=\"https:\/\/www.aidhaklher.com\/wp-content\/uploads\/2024\/07\/SGS_ISO-BLG.jpg\" class=\"attachment-large size-large wp-image-4469\" alt=\"\" srcset=\"https:\/\/www.aidhaklher.com\/wp-content\/uploads\/2024\/07\/SGS_ISO-BLG.jpg 629w, https:\/\/www.aidhaklher.com\/wp-content\/uploads\/2024\/07\/SGS_ISO-BLG-300x293.jpg 300w\" sizes=\"(max-width: 629px) 100vw, 629px\" \/>\t\t\t\t\t\t\t\t\t\t\t\t\t\t\t<\/div>\n\t\t\t\t<\/div>\n\t\t\t\t\t<\/div>\n\t\t<\/div>\n\t\t\t\t<div class=\"elementor-column elementor-col-66 elementor-top-column elementor-element elementor-element-6b3688c\" data-id=\"6b3688c\" data-element_type=\"column\">\n\t\t\t<div class=\"elementor-widget-wrap elementor-element-populated\">\n\t\t\t\t\t\t<div class=\"elementor-element elementor-element-e1241b0 elementor-widget elementor-widget-heading\" data-id=\"e1241b0\" data-element_type=\"widget\" data-widget_type=\"heading.default\">\n\t\t\t\t<div class=\"elementor-widget-container\">\n\t\t\t\t\t<h2 class=\"elementor-heading-title elementor-size-default\">Certificat ISO<\/h2>\t\t\t\t<\/div>\n\t\t\t\t<\/div>\n\t\t\t\t<div class=\"elementor-element elementor-element-0be2d29 elementor-widget elementor-widget-text-editor\" data-id=\"0be2d29\" data-element_type=\"widget\" data-widget_type=\"text-editor.default\">\n\t\t\t\t<div class=\"elementor-widget-container\">\n\t\t\t\t\t\t\t\t\t<p>Nous confirmons notre engagement envers la qualit\u00e9, l\u2019innovation et l\u2019am\u00e9lioration continue de tous nos processus et produits cosm\u00e9tiques, avec le certificat ISO 22716:2007 d\u00e9cern\u00e9 par l\u2019Organisation internationale de normalisation (ISO) pour les bonnes pratiques dans la fabrication de produits cosm\u00e9tiques.<\/p>\n\t\t\t\t\t\t\t\t<\/div>\n\t\t\t\t<\/div>\n\t\t\t\t\t<\/div>\n\t\t<\/div>\n\t\t\t\t\t<\/div>\n\t\t<\/section>\n\t\t\t\t<section class=\"elementor-section elementor-top-section elementor-element elementor-element-6de50f7 elementor-section-boxed elementor-section-height-default elementor-section-height-default\" data-id=\"6de50f7\" data-element_type=\"section\">\n\t\t\t\t\t\t<div class=\"elementor-container elementor-column-gap-default\">\n\t\t\t\t\t<div class=\"elementor-column elementor-col-100 elementor-top-column elementor-element elementor-element-2744787\" data-id=\"2744787\" data-element_type=\"column\">\n\t\t\t<div class=\"elementor-widget-wrap elementor-element-populated\">\n\t\t\t\t\t\t<div class=\"elementor-element elementor-element-79f58c3 elementor-widget elementor-widget-spacer\" data-id=\"79f58c3\" data-element_type=\"widget\" data-widget_type=\"spacer.default\">\n\t\t\t\t<div class=\"elementor-widget-container\">\n\t\t\t\t\t\t\t<div class=\"elementor-spacer\">\n\t\t\t<div class=\"elementor-spacer-inner\"><\/div>\n\t\t<\/div>\n\t\t\t\t\t\t<\/div>\n\t\t\t\t<\/div>\n\t\t\t\t\t<\/div>\n\t\t<\/div>\n\t\t\t\t\t<\/div>\n\t\t<\/section>\n\t\t\t\t<\/div>\n\t\t","protected":false},"excerpt":{"rendered":"<p>Nous Experts en cosm\u00e9tiques capillaires professionnels. Nous concevons des produits et des routines capillaires qui g\u00e9n\u00e8rent une transformation d\u2019un haut niveau professionnel. Nous sommes d\u00e9di\u00e9s \u00e0 la cosm\u00e9tique capillaire et nos solutions sont d\u00e9velopp\u00e9es dans le but d\u2019accompagner les professionnels de la coiffure pendant leur service, en garantissant des r\u00e9sultats de qualit\u00e9 et en offrant [&hellip;]<\/p>\n","protected":false},"author":2,"featured_media":0,"parent":0,"menu_order":0,"comment_status":"closed","ping_status":"closed","template":"","meta":{"footnotes":""},"class_list":["post-2297","page","type-page","status-publish","hentry"],"acf":[],"yoast_head":"<!-- This site is optimized with the Yoast SEO plugin v25.8 - https:\/\/yoast.com\/wordpress\/plugins\/seo\/ -->\n<title>Nous - Aidha Klher Professional<\/title>\n<meta name=\"description\" content=\"Nous sommes d\u00e9di\u00e9s \u00e0 la cosm\u00e9tique capillaire et nos solutions sont d\u00e9velopp\u00e9es dans le but d\u2019accompagner les professionnels de la coiffure pendant leur service, en garantissant des r\u00e9sultats de qualit\u00e9 et en offrant au client une exp\u00e9rience de pointe.\" \/>\n<meta name=\"robots\" content=\"index, follow, max-snippet:-1, max-image-preview:large, max-video-preview:-1\" \/>\n<link rel=\"canonical\" href=\"https:\/\/www.aidhaklher.com\/fr\/a-propos-daidha-klher\/\" \/>\n<meta property=\"og:locale\" content=\"fr_FR\" \/>\n<meta property=\"og:type\" content=\"article\" \/>\n<meta property=\"og:title\" content=\"Nous - Aidha Klher Professional\" \/>\n<meta property=\"og:description\" content=\"Nous sommes d\u00e9di\u00e9s \u00e0 la cosm\u00e9tique capillaire et nos solutions sont d\u00e9velopp\u00e9es dans le but d\u2019accompagner les professionnels de la coiffure pendant leur service, en garantissant des r\u00e9sultats de qualit\u00e9 et en offrant au client une exp\u00e9rience de pointe.\" \/>\n<meta property=\"og:url\" content=\"https:\/\/www.aidhaklher.com\/fr\/a-propos-daidha-klher\/\" \/>\n<meta property=\"og:site_name\" content=\"Aidha Klher Professional\" \/>\n<meta property=\"article:modified_time\" content=\"2024-07-29T08:04:35+00:00\" \/>\n<meta property=\"og:image\" content=\"https:\/\/www.aidhaklher.com\/wp-content\/uploads\/2024\/05\/profesionales-cosmetica-capilar-aidha-klher-nosotros-640x1024.webp\" \/>\n<meta name=\"twitter:card\" content=\"summary_large_image\" \/>\n<meta name=\"twitter:label1\" content=\"Dur\u00e9e de lecture estim\u00e9e\" \/>\n\t<meta name=\"twitter:data1\" content=\"2 minutes\" \/>\n<script type=\"application\/ld+json\" class=\"yoast-schema-graph\">{\"@context\":\"https:\/\/schema.org\",\"@graph\":[{\"@type\":\"WebPage\",\"@id\":\"https:\/\/www.aidhaklher.com\/fr\/a-propos-daidha-klher\/\",\"url\":\"https:\/\/www.aidhaklher.com\/fr\/a-propos-daidha-klher\/\",\"name\":\"Nous - Aidha Klher Professional\",\"isPartOf\":{\"@id\":\"https:\/\/www.aidhaklher.com\/fr\/#website\"},\"primaryImageOfPage\":{\"@id\":\"https:\/\/www.aidhaklher.com\/fr\/a-propos-daidha-klher\/#primaryimage\"},\"image\":{\"@id\":\"https:\/\/www.aidhaklher.com\/fr\/a-propos-daidha-klher\/#primaryimage\"},\"thumbnailUrl\":\"https:\/\/www.aidhaklher.com\/wp-content\/uploads\/2024\/05\/profesionales-cosmetica-capilar-aidha-klher-nosotros-640x1024.webp\",\"datePublished\":\"2019-03-27T13:22:00+00:00\",\"dateModified\":\"2024-07-29T08:04:35+00:00\",\"description\":\"Nous sommes d\u00e9di\u00e9s \u00e0 la cosm\u00e9tique capillaire et nos solutions sont d\u00e9velopp\u00e9es dans le but d\u2019accompagner les professionnels de la coiffure pendant leur service, en garantissant des r\u00e9sultats de qualit\u00e9 et en offrant au client une exp\u00e9rience de pointe.\",\"breadcrumb\":{\"@id\":\"https:\/\/www.aidhaklher.com\/fr\/a-propos-daidha-klher\/#breadcrumb\"},\"inLanguage\":\"fr-FR\",\"potentialAction\":[{\"@type\":\"ReadAction\",\"target\":[\"https:\/\/www.aidhaklher.com\/fr\/a-propos-daidha-klher\/\"]}]},{\"@type\":\"ImageObject\",\"inLanguage\":\"fr-FR\",\"@id\":\"https:\/\/www.aidhaklher.com\/fr\/a-propos-daidha-klher\/#primaryimage\",\"url\":\"https:\/\/www.aidhaklher.com\/wp-content\/uploads\/2024\/05\/profesionales-cosmetica-capilar-aidha-klher-nosotros-640x1024.webp\",\"contentUrl\":\"https:\/\/www.aidhaklher.com\/wp-content\/uploads\/2024\/05\/profesionales-cosmetica-capilar-aidha-klher-nosotros-640x1024.webp\"},{\"@type\":\"BreadcrumbList\",\"@id\":\"https:\/\/www.aidhaklher.com\/fr\/a-propos-daidha-klher\/#breadcrumb\",\"itemListElement\":[{\"@type\":\"ListItem\",\"position\":1,\"name\":\"Portada\",\"item\":\"https:\/\/www.aidhaklher.com\/fr\/\"},{\"@type\":\"ListItem\",\"position\":2,\"name\":\"Nous\"}]},{\"@type\":\"WebSite\",\"@id\":\"https:\/\/www.aidhaklher.com\/fr\/#website\",\"url\":\"https:\/\/www.aidhaklher.com\/fr\/\",\"name\":\"Aidha Klher Professional\",\"description\":\"Cosm\u00e9tica capilar para peluquer\u00edas\",\"potentialAction\":[{\"@type\":\"SearchAction\",\"target\":{\"@type\":\"EntryPoint\",\"urlTemplate\":\"https:\/\/www.aidhaklher.com\/fr\/?s={search_term_string}\"},\"query-input\":{\"@type\":\"PropertyValueSpecification\",\"valueRequired\":true,\"valueName\":\"search_term_string\"}}],\"inLanguage\":\"fr-FR\"}]}<\/script>\n<!-- \/ Yoast SEO plugin. -->","yoast_head_json":{"title":"Nous - Aidha Klher Professional","description":"Nous sommes d\u00e9di\u00e9s \u00e0 la cosm\u00e9tique capillaire et nos solutions sont d\u00e9velopp\u00e9es dans le but d\u2019accompagner les professionnels de la coiffure pendant leur service, en garantissant des r\u00e9sultats de qualit\u00e9 et en offrant au client une exp\u00e9rience de pointe.","robots":{"index":"index","follow":"follow","max-snippet":"max-snippet:-1","max-image-preview":"max-image-preview:large","max-video-preview":"max-video-preview:-1"},"canonical":"https:\/\/www.aidhaklher.com\/fr\/a-propos-daidha-klher\/","og_locale":"fr_FR","og_type":"article","og_title":"Nous - Aidha Klher Professional","og_description":"Nous sommes d\u00e9di\u00e9s \u00e0 la cosm\u00e9tique capillaire et nos solutions sont d\u00e9velopp\u00e9es dans le but d\u2019accompagner les professionnels de la coiffure pendant leur service, en garantissant des r\u00e9sultats de qualit\u00e9 et en offrant au client une exp\u00e9rience de pointe.","og_url":"https:\/\/www.aidhaklher.com\/fr\/a-propos-daidha-klher\/","og_site_name":"Aidha Klher Professional","article_modified_time":"2024-07-29T08:04:35+00:00","og_image":[{"url":"https:\/\/www.aidhaklher.com\/wp-content\/uploads\/2024\/05\/profesionales-cosmetica-capilar-aidha-klher-nosotros-640x1024.webp","type":"","width":"","height":""}],"twitter_card":"summary_large_image","twitter_misc":{"Dur\u00e9e de lecture estim\u00e9e":"2 minutes"},"schema":{"@context":"https:\/\/schema.org","@graph":[{"@type":"WebPage","@id":"https:\/\/www.aidhaklher.com\/fr\/a-propos-daidha-klher\/","url":"https:\/\/www.aidhaklher.com\/fr\/a-propos-daidha-klher\/","name":"Nous - Aidha Klher Professional","isPartOf":{"@id":"https:\/\/www.aidhaklher.com\/fr\/#website"},"primaryImageOfPage":{"@id":"https:\/\/www.aidhaklher.com\/fr\/a-propos-daidha-klher\/#primaryimage"},"image":{"@id":"https:\/\/www.aidhaklher.com\/fr\/a-propos-daidha-klher\/#primaryimage"},"thumbnailUrl":"https:\/\/www.aidhaklher.com\/wp-content\/uploads\/2024\/05\/profesionales-cosmetica-capilar-aidha-klher-nosotros-640x1024.webp","datePublished":"2019-03-27T13:22:00+00:00","dateModified":"2024-07-29T08:04:35+00:00","description":"Nous sommes d\u00e9di\u00e9s \u00e0 la cosm\u00e9tique capillaire et nos solutions sont d\u00e9velopp\u00e9es dans le but d\u2019accompagner les professionnels de la coiffure pendant leur service, en garantissant des r\u00e9sultats de qualit\u00e9 et en offrant au client une exp\u00e9rience de pointe.","breadcrumb":{"@id":"https:\/\/www.aidhaklher.com\/fr\/a-propos-daidha-klher\/#breadcrumb"},"inLanguage":"fr-FR","potentialAction":[{"@type":"ReadAction","target":["https:\/\/www.aidhaklher.com\/fr\/a-propos-daidha-klher\/"]}]},{"@type":"ImageObject","inLanguage":"fr-FR","@id":"https:\/\/www.aidhaklher.com\/fr\/a-propos-daidha-klher\/#primaryimage","url":"https:\/\/www.aidhaklher.com\/wp-content\/uploads\/2024\/05\/profesionales-cosmetica-capilar-aidha-klher-nosotros-640x1024.webp","contentUrl":"https:\/\/www.aidhaklher.com\/wp-content\/uploads\/2024\/05\/profesionales-cosmetica-capilar-aidha-klher-nosotros-640x1024.webp"},{"@type":"BreadcrumbList","@id":"https:\/\/www.aidhaklher.com\/fr\/a-propos-daidha-klher\/#breadcrumb","itemListElement":[{"@type":"ListItem","position":1,"name":"Portada","item":"https:\/\/www.aidhaklher.com\/fr\/"},{"@type":"ListItem","position":2,"name":"Nous"}]},{"@type":"WebSite","@id":"https:\/\/www.aidhaklher.com\/fr\/#website","url":"https:\/\/www.aidhaklher.com\/fr\/","name":"Aidha Klher Professional","description":"Cosm\u00e9tica capilar para peluquer\u00edas","potentialAction":[{"@type":"SearchAction","target":{"@type":"EntryPoint","urlTemplate":"https:\/\/www.aidhaklher.com\/fr\/?s={search_term_string}"},"query-input":{"@type":"PropertyValueSpecification","valueRequired":true,"valueName":"search_term_string"}}],"inLanguage":"fr-FR"}]}},"_links":{"self":[{"href":"https:\/\/www.aidhaklher.com\/fr\/wp-json\/wp\/v2\/pages\/2297","targetHints":{"allow":["GET"]}}],"collection":[{"href":"https:\/\/www.aidhaklher.com\/fr\/wp-json\/wp\/v2\/pages"}],"about":[{"href":"https:\/\/www.aidhaklher.com\/fr\/wp-json\/wp\/v2\/types\/page"}],"author":[{"embeddable":true,"href":"https:\/\/www.aidhaklher.com\/fr\/wp-json\/wp\/v2\/users\/2"}],"replies":[{"embeddable":true,"href":"https:\/\/www.aidhaklher.com\/fr\/wp-json\/wp\/v2\/comments?post=2297"}],"version-history":[{"count":5,"href":"https:\/\/www.aidhaklher.com\/fr\/wp-json\/wp\/v2\/pages\/2297\/revisions"}],"predecessor-version":[{"id":4479,"href":"https:\/\/www.aidhaklher.com\/fr\/wp-json\/wp\/v2\/pages\/2297\/revisions\/4479"}],"wp:attachment":[{"href":"https:\/\/www.aidhaklher.com\/fr\/wp-json\/wp\/v2\/media?parent=2297"}],"curies":[{"name":"wp","href":"https:\/\/api.w.org\/{rel}","templated":true}]}}